{"id":608,"date":"2016-02-10T17:52:57","date_gmt":"2016-02-10T16:52:57","guid":{"rendered":"https:\/\/www.abelionni.com\/en\/?page_id=608"},"modified":"2016-09-02T09:49:59","modified_gmt":"2016-09-02T08:49:59","slug":"legal-notices","status":"publish","type":"page","link":"https:\/\/www.abelionni.com\/en\/legal-notices\/","title":{"rendered":"Legal Notices"},"content":{"rendered":"<\/div><\/div><\/div><!-- close content main div --><\/div><\/div><div id='av_section_1' class='avia-section main_color avia-section-default avia-no-shadow avia-bg-style-scroll   container_wrap fullsize' style = 'background-color: #f4f4f4; background-image: '  ><div class='container' ><div class='template-page content  av-content-full alpha units'><div class='post-entry post-entry-type-page post-entry-608'><div class='entry-content-wrapper clearfix'>\n<div class=\"flex_column av_one_fifth  flex_column_div av-zero-column-padding first  \" style='border-radius:0px; '><\/div><div class=\"flex_column av_one_half  flex_column_div av-zero-column-padding   \" style='border-radius:0px; '><p><div style='padding-bottom:5px; ' class='av-special-heading av-special-heading-h3  blockquote modern-quote   '><h3 class='av-special-heading-tag '  itemprop=\"headline\"  >Mentions l\u00e9gales<\/h3><div class='special-heading-border'><div class='special-heading-inner-border' ><\/div><\/div><\/div><br \/>\n<div style=' margin-top:20px; margin-bottom:20px;'  class='hr hr-custom hr-left hr-icon-no  '><span class='hr-inner   inner-border-av-border-thin' style=' width:100px; border-color:#4eb9ee;' ><span class='hr-inner-style'><\/span><\/span><\/div><br \/>\n<section class=\"av_textblock_section \"  itemscope=\"itemscope\" itemtype=\"https:\/\/schema.org\/CreativeWork\" ><div class='avia_textblock  '   itemprop=\"text\" ><p>Ce site web est la propri\u00e9t\u00e9 de la soci\u00e9t\u00e9 Abelionni, E.U.R.L. au capital de 4 000 \u20ac enregistr\u00e9 au R.C.S. d&#8217;Aix-en-Provence sous le num\u00e9ro 814 274 445, disposant du num\u00e9ro de TVA intracommunautaire FR82814274445, du num\u00e9ro DUNS 267572437\u00a0et domicili\u00e9 au 12 B Chemin de la bergerie, 13740, Le Rove, France.<\/p>\n<p>Vous pouvez contacter la soci\u00e9t\u00e9 Abelionni au\u00a0+33 9 79 94 41 64 ou \u00e0 l&#8217;adresse contact@abelionni.com.<\/p>\n<p>Il est plac\u00e9 sous la responsabilit\u00e9 \u00e9ditoriale de Yoann Gini, g\u00e9rant de la soci\u00e9t\u00e9 et est h\u00e9berg\u00e9 par la soci\u00e9t\u00e9 <a href=\"https:\/\/www.infomaniak.ch\" target=\"_blank\">Infomaniak Network SA<\/a> domicili\u00e9e au\u00a026 avenue de la Praille,<br \/>\n1227, Gen\u00e8ve, Suisse.<\/p>\n<p>Ce site a \u00e9t\u00e9 dessin\u00e9 par\u00a0<a href=\"http:\/\/www.juliebenhaim.fr\" target=\"_blank\">Julie Benha\u00efm<\/a> et r\u00e9alis\u00e9 par la soci\u00e9t\u00e9 <a href=\"http:\/\/www.nouveauxterritoires.fr\" target=\"_blank\">Nouveaux Territoires<\/a>.<\/p>\n<\/div><\/section><\/p><\/div><div class=\"flex_column av_one_fourth  flex_column_div av-zero-column-padding   \" style='border-radius:0px; '><\/div>\n","protected":false},"excerpt":{"rendered":"","protected":false},"author":2,"featured_media":0,"parent":0,"menu_order":0,"comment_status":"closed","ping_status":"closed","template":"","meta":{"footnotes":""},"class_list":["post-608","page","type-page","status-publish","hentry"],"yoast_head":"<!-- This site is optimized with the Yoast SEO plugin v27.5 - https:\/\/yoast.com\/product\/yoast-seo-wordpress\/ -->\n<title>Legal Notices - Abelionni<\/title>\n<meta name=\"robots\" content=\"index, follow, max-snippet:-1, max-image-preview:large, max-video-preview:-1\" \/>\n<link rel=\"canonical\" href=\"https:\/\/www.abelionni.com\/en\/legal-notices\/\" \/>\n<meta property=\"og:locale\" content=\"en_US\" \/>\n<meta property=\"og:type\" content=\"article\" \/>\n<meta property=\"og:title\" content=\"Legal Notices - Abelionni\" \/>\n<meta property=\"og:url\" content=\"https:\/\/www.abelionni.com\/en\/legal-notices\/\" \/>\n<meta property=\"og:site_name\" content=\"Abelionni\" \/>\n<meta property=\"article:modified_time\" content=\"2016-09-02T08:49:59+00:00\" \/>\n<meta name=\"twitter:card\" content=\"summary_large_image\" \/>\n<meta name=\"twitter:label1\" content=\"Est. reading time\" \/>\n\t<meta name=\"twitter:data1\" content=\"2 minutes\" \/>\n<script type=\"application\/ld+json\" class=\"yoast-schema-graph\">{\"@context\":\"https:\\\/\\\/schema.org\",\"@graph\":[{\"@type\":\"WebPage\",\"@id\":\"https:\\\/\\\/www.abelionni.com\\\/en\\\/legal-notices\\\/\",\"url\":\"https:\\\/\\\/www.abelionni.com\\\/en\\\/legal-notices\\\/\",\"name\":\"Legal Notices - Abelionni\",\"isPartOf\":{\"@id\":\"https:\\\/\\\/www.abelionni.com\\\/#website\"},\"datePublished\":\"2016-02-10T16:52:57+00:00\",\"dateModified\":\"2016-09-02T08:49:59+00:00\",\"breadcrumb\":{\"@id\":\"https:\\\/\\\/www.abelionni.com\\\/en\\\/legal-notices\\\/#breadcrumb\"},\"inLanguage\":\"en-US\",\"potentialAction\":[{\"@type\":\"ReadAction\",\"target\":[\"https:\\\/\\\/www.abelionni.com\\\/en\\\/legal-notices\\\/\"]}]},{\"@type\":\"BreadcrumbList\",\"@id\":\"https:\\\/\\\/www.abelionni.com\\\/en\\\/legal-notices\\\/#breadcrumb\",\"itemListElement\":[{\"@type\":\"ListItem\",\"position\":1,\"name\":\"Accueil\",\"item\":\"https:\\\/\\\/www.abelionni.com\\\/en\\\/\"},{\"@type\":\"ListItem\",\"position\":2,\"name\":\"Legal Notices\"}]},{\"@type\":\"WebSite\",\"@id\":\"https:\\\/\\\/www.abelionni.com\\\/#website\",\"url\":\"https:\\\/\\\/www.abelionni.com\\\/\",\"name\":\"Abelionni\",\"description\":\"\",\"publisher\":{\"@id\":\"https:\\\/\\\/www.abelionni.com\\\/#organization\"},\"potentialAction\":[{\"@type\":\"SearchAction\",\"target\":{\"@type\":\"EntryPoint\",\"urlTemplate\":\"https:\\\/\\\/www.abelionni.com\\\/?s={search_term_string}\"},\"query-input\":{\"@type\":\"PropertyValueSpecification\",\"valueRequired\":true,\"valueName\":\"search_term_string\"}}],\"inLanguage\":\"en-US\"},{\"@type\":\"Organization\",\"@id\":\"https:\\\/\\\/www.abelionni.com\\\/#organization\",\"name\":\"Abelionni\",\"url\":\"https:\\\/\\\/www.abelionni.com\\\/\",\"logo\":{\"@type\":\"ImageObject\",\"inLanguage\":\"en-US\",\"@id\":\"https:\\\/\\\/www.abelionni.com\\\/#\\\/schema\\\/logo\\\/image\\\/\",\"url\":\"https:\\\/\\\/www.abelionni.com\\\/wp-content\\\/uploads\\\/2015\\\/12\\\/logo.jpg\",\"contentUrl\":\"https:\\\/\\\/www.abelionni.com\\\/wp-content\\\/uploads\\\/2015\\\/12\\\/logo.jpg\",\"width\":260,\"height\":90,\"caption\":\"Abelionni\"},\"image\":{\"@id\":\"https:\\\/\\\/www.abelionni.com\\\/#\\\/schema\\\/logo\\\/image\\\/\"}}]}<\/script>\n<!-- \/ Yoast SEO plugin. -->","yoast_head_json":{"title":"Legal Notices - Abelionni","robots":{"index":"index","follow":"follow","max-snippet":"max-snippet:-1","max-image-preview":"max-image-preview:large","max-video-preview":"max-video-preview:-1"},"canonical":"https:\/\/www.abelionni.com\/en\/legal-notices\/","og_locale":"en_US","og_type":"article","og_title":"Legal Notices - Abelionni","og_url":"https:\/\/www.abelionni.com\/en\/legal-notices\/","og_site_name":"Abelionni","article_modified_time":"2016-09-02T08:49:59+00:00","twitter_card":"summary_large_image","twitter_misc":{"Est. reading time":"2 minutes"},"schema":{"@context":"https:\/\/schema.org","@graph":[{"@type":"WebPage","@id":"https:\/\/www.abelionni.com\/en\/legal-notices\/","url":"https:\/\/www.abelionni.com\/en\/legal-notices\/","name":"Legal Notices - Abelionni","isPartOf":{"@id":"https:\/\/www.abelionni.com\/#website"},"datePublished":"2016-02-10T16:52:57+00:00","dateModified":"2016-09-02T08:49:59+00:00","breadcrumb":{"@id":"https:\/\/www.abelionni.com\/en\/legal-notices\/#breadcrumb"},"inLanguage":"en-US","potentialAction":[{"@type":"ReadAction","target":["https:\/\/www.abelionni.com\/en\/legal-notices\/"]}]},{"@type":"BreadcrumbList","@id":"https:\/\/www.abelionni.com\/en\/legal-notices\/#breadcrumb","itemListElement":[{"@type":"ListItem","position":1,"name":"Accueil","item":"https:\/\/www.abelionni.com\/en\/"},{"@type":"ListItem","position":2,"name":"Legal Notices"}]},{"@type":"WebSite","@id":"https:\/\/www.abelionni.com\/#website","url":"https:\/\/www.abelionni.com\/","name":"Abelionni","description":"","publisher":{"@id":"https:\/\/www.abelionni.com\/#organization"},"potentialAction":[{"@type":"SearchAction","target":{"@type":"EntryPoint","urlTemplate":"https:\/\/www.abelionni.com\/?s={search_term_string}"},"query-input":{"@type":"PropertyValueSpecification","valueRequired":true,"valueName":"search_term_string"}}],"inLanguage":"en-US"},{"@type":"Organization","@id":"https:\/\/www.abelionni.com\/#organization","name":"Abelionni","url":"https:\/\/www.abelionni.com\/","logo":{"@type":"ImageObject","inLanguage":"en-US","@id":"https:\/\/www.abelionni.com\/#\/schema\/logo\/image\/","url":"https:\/\/www.abelionni.com\/wp-content\/uploads\/2015\/12\/logo.jpg","contentUrl":"https:\/\/www.abelionni.com\/wp-content\/uploads\/2015\/12\/logo.jpg","width":260,"height":90,"caption":"Abelionni"},"image":{"@id":"https:\/\/www.abelionni.com\/#\/schema\/logo\/image\/"}}]}},"_links":{"self":[{"href":"https:\/\/www.abelionni.com\/en\/wp-json\/wp\/v2\/pages\/608","targetHints":{"allow":["GET"]}}],"collection":[{"href":"https:\/\/www.abelionni.com\/en\/wp-json\/wp\/v2\/pages"}],"about":[{"href":"https:\/\/www.abelionni.com\/en\/wp-json\/wp\/v2\/types\/page"}],"author":[{"embeddable":true,"href":"https:\/\/www.abelionni.com\/en\/wp-json\/wp\/v2\/users\/2"}],"replies":[{"embeddable":true,"href":"https:\/\/www.abelionni.com\/en\/wp-json\/wp\/v2\/comments?post=608"}],"version-history":[{"count":8,"href":"https:\/\/www.abelionni.com\/en\/wp-json\/wp\/v2\/pages\/608\/revisions"}],"predecessor-version":[{"id":793,"href":"https:\/\/www.abelionni.com\/en\/wp-json\/wp\/v2\/pages\/608\/revisions\/793"}],"wp:attachment":[{"href":"https:\/\/www.abelionni.com\/en\/wp-json\/wp\/v2\/media?parent=608"}],"curies":[{"name":"wp","href":"https:\/\/api.w.org\/{rel}","templated":true}]}}